{"id":2866,"date":"2025-02-20T10:30:20","date_gmt":"2025-02-20T10:30:20","guid":{"rendered":"http:\/\/horak-nakowitsch.at\/?page_id=2866"},"modified":"2025-02-20T10:30:28","modified_gmt":"2025-02-20T10:30:28","slug":"zubehoer-ersatzteile-fuer-culligan-wasserenthaerter","status":"publish","type":"page","link":"http:\/\/horak-nakowitsch.at\/?page_id=2866","title":{"rendered":"Zubeh\u00f6r &amp; Ersatzteile f\u00fcr Culligan Wasserenth\u00e4rter"},"content":{"rendered":"\n<p class=\"has-text-align-center\"><strong>Privat gef\u00fchrte Informationsplattform!<\/strong><br><strong>Die Firma Horak &amp; Nakowitsch wurde geschlossen.<\/strong><br><strong>Als ehemaliger Gesch\u00e4ftsf\u00fchrer bin ich bem\u00fcht, unseren fr\u00fcheren Gesch\u00e4ftskunden zuk\u00fcnftig eine M\u00f6glichkeit zu bieten, ihre Anlagen weiterhin sicher betreiben zu k\u00f6nnen.<\/strong><\/p>\n\n\n\n<p><\/p>\n\n\n\n<p><\/p>\n\n\n\n<p class=\"has-text-align-center\"><strong>In K\u00fcrze wird ein qualifiziertes Unternehmen genannt, das Ihre Anlage einer Inspektion unterziehen kann.<\/strong><br><strong>Bis dahin k\u00f6nnen ungekl\u00e4rte Fragen nur privat beantwortet werden.<\/strong><\/p>\n\n\n\n<p class=\"has-text-align-center\">Anfragen an:&nbsp;<a href=\"mailto:horak.wasser@icloud.com\">horak.wasser@icloud.com<\/a><\/p>\n\n\n\n<p class=\"has-text-align-center\">Telefon: +43 664 3012725<\/p>\n\n\n\n<p><\/p>\n","protected":false},"excerpt":{"rendered":"<p>Privat gef\u00fchrte Informationsplattform!Die Firma Horak &amp; Nakowitsch wurde geschlossen.Als ehemaliger Gesch\u00e4ftsf\u00fchrer bin ich bem\u00fcht, unseren fr\u00fcheren Gesch\u00e4ftskunden zuk\u00fcnftig eine M\u00f6glichkeit zu bieten, ihre Anlagen weiterhin sicher betreiben zu k\u00f6nnen. In K\u00fcrze wird ein qualifiziertes Unternehmen genannt, das Ihre Anlage einer Inspektion unterziehen kann.Bis dahin k\u00f6nnen ungekl\u00e4rte Fragen nur privat beantwortet werden. Anfragen an:&nbsp;horak.wasser@icloud.com Telefon: +43 [&hellip;]<\/p>\n","protected":false},"author":1,"featured_media":0,"parent":0,"menu_order":0,"comment_status":"closed","ping_status":"closed","template":"","meta":{"_themeisle_gutenberg_block_has_review":false,"jetpack_post_was_ever_published":false,"footnotes":""},"class_list":["post-2866","page","type-page","status-publish","hentry"],"jetpack_sharing_enabled":true,"_links":{"self":[{"href":"http:\/\/horak-nakowitsch.at\/index.php?rest_route=\/wp\/v2\/pages\/2866","targetHints":{"allow":["GET"]}}],"collection":[{"href":"http:\/\/horak-nakowitsch.at\/index.php?rest_route=\/wp\/v2\/pages"}],"about":[{"href":"http:\/\/horak-nakowitsch.at\/index.php?rest_route=\/wp\/v2\/types\/page"}],"author":[{"embeddable":true,"href":"http:\/\/horak-nakowitsch.at\/index.php?rest_route=\/wp\/v2\/users\/1"}],"replies":[{"embeddable":true,"href":"http:\/\/horak-nakowitsch.at\/index.php?rest_route=%2Fwp%2Fv2%2Fcomments&post=2866"}],"version-history":[{"count":1,"href":"http:\/\/horak-nakowitsch.at\/index.php?rest_route=\/wp\/v2\/pages\/2866\/revisions"}],"predecessor-version":[{"id":2867,"href":"http:\/\/horak-nakowitsch.at\/index.php?rest_route=\/wp\/v2\/pages\/2866\/revisions\/2867"}],"wp:attachment":[{"href":"http:\/\/horak-nakowitsch.at\/index.php?rest_route=%2Fwp%2Fv2%2Fmedia&parent=2866"}],"curies":[{"name":"wp","href":"https:\/\/api.w.org\/{rel}","templated":true}]}}